{"id":732,"date":"2019-09-16T18:19:33","date_gmt":"2019-09-16T18:19:33","guid":{"rendered":"https:\/\/egbasquet.blog\/?page_id=732"},"modified":"2025-09-30T11:21:26","modified_gmt":"2025-09-30T11:21:26","slug":"bio","status":"publish","type":"page","link":"https:\/\/egbasquet.blog\/?page_id=732","title":{"rendered":"BIO"},"content":{"rendered":"\t\t<div data-elementor-type=\"wp-page\" data-elementor-id=\"732\" class=\"elementor elementor-732\" data-elementor-post-type=\"page\">\n\t\t\t\t\t\t<section class=\"elementor-section elementor-top-section elementor-element elementor-element-75a6e99d elementor-section-boxed elementor-section-height-default elementor-section-height-default\" data-id=\"75a6e99d\" data-element_type=\"section\" data-e-type=\"section\">\n\t\t\t\t\t\t<div class=\"elementor-container elementor-column-gap-default\">\n\t\t\t\t\t<div class=\"elementor-column elementor-col-100 elementor-top-column elementor-element elementor-element-7cb1a0e5\" data-id=\"7cb1a0e5\" data-element_type=\"column\" data-e-type=\"column\">\n\t\t\t<div class=\"elementor-widget-wrap elementor-element-populated\">\n\t\t\t\t\t\t<div class=\"elementor-element elementor-element-72121265 elementor-widget elementor-widget-text-editor\" data-id=\"72121265\" data-element_type=\"widget\" data-e-type=\"widget\" data-widget_type=\"text-editor.default\">\n\t\t\t\t<div class=\"elementor-widget-container\">\n\t\t\t\t\t\t\t\t\t<p align=\"justify\"><strong style=\"color: #000000; font-size: 15px;\">Qui soc?<br><span style=\"color: #333333;\"><em><strong style=\"font-family: 'Open Sans', serif; font-size: 15px;\">Edu Gelada Gispert. <\/strong><\/em><\/span><\/strong><span style=\"color: #333333;\"><em><span style=\"font-family: 'Open Sans', serif; font-size: 15px;\">Educador social. Entrenador de b\u00e0squet.<\/span><\/em><\/span><strong style=\"color: #000000; font-size: 15px;\"><br><\/strong><span style=\"font-family: &quot;Open Sans&quot;, serif; font-size: 15px; color: rgb(0, 0, 0);\">He entrenat a la base del&nbsp;<span style=\"color: rgb(0, 128, 0);\"><strong>Club B\u00e0squet Bescan\u00f3<\/strong><\/span>, en equips de categoria s\u00e8nior del&nbsp;<span style=\"color: rgb(0, 0, 255);\"><strong>Club B\u00e0squet Banyoles<\/strong><\/span><\/span><span style=\"font-family: &quot;Open Sans&quot;, serif; font-size: 15px; color: rgb(0, 0, 0);\">, coordinant i entrenant a&nbsp;<\/span><strong style=\"color: rgb(255, 0, 0); font-family: &quot;Open Sans&quot;, serif; font-size: 15px;\">B\u00e0squet Girona<\/strong><span style=\"font-family: &quot;Open Sans&quot;, serif; font-size: 15px; color: rgb(0, 0, 0);\">&nbsp;i en grups d&#8217;entrenament del&nbsp;<strong>Nike Camp<\/strong>&nbsp;<strong>d&#8217;Andorra<\/strong>, de<strong>&nbsp;<\/strong>la<span style=\"color: rgb(128, 0, 0);\"><strong>&nbsp;Pau Gasol Academy&nbsp;<\/strong><span style=\"color: rgb(0, 0, 0);\">i del<strong>&nbsp;<\/strong><\/span><\/span><\/span><span style=\"color: rgb(161, 103, 16); font-family: &quot;Open Sans&quot;, serif;\"><span style=\"font-size: 15px;\"><span style=\"font-weight: 700;\">Mini Camp de Trif\u00f3n Poch<\/span><\/span><\/span><span style=\"color: rgb(0, 0, 0); font-family: &quot;Open Sans&quot;, serif; font-size: 15px;\">.<\/span><\/p>\t\t\t\t\t\t\t\t<\/div>\n\t\t\t\t<\/div>\n\t\t\t\t\t<\/div>\n\t\t<\/div>\n\t\t\t\t\t<\/div>\n\t\t<\/section>\n\t\t\t\t<section class=\"elementor-section elementor-top-section elementor-element elementor-element-fd7dff2 elementor-section-boxed elementor-section-height-default elementor-section-height-default\" data-id=\"fd7dff2\" data-element_type=\"section\" data-e-type=\"section\">\n\t\t\t\t\t\t<div class=\"elementor-container elementor-column-gap-default\">\n\t\t\t\t\t<div class=\"elementor-column elementor-col-100 elementor-top-column elementor-element elementor-element-9fe2405\" data-id=\"9fe2405\" data-element_type=\"column\" data-e-type=\"column\">\n\t\t\t<div class=\"elementor-widget-wrap elementor-element-populated\">\n\t\t\t\t\t\t<div class=\"elementor-element elementor-element-a336d01 elementor-skin-carousel elementor-arrows-yes elementor-widget elementor-widget-media-carousel\" data-id=\"a336d01\" data-element_type=\"widget\" data-e-type=\"widget\" data-settings=\"{&quot;slides_per_view&quot;:&quot;2&quot;,&quot;skin&quot;:&quot;carousel&quot;,&quot;effect&quot;:&quot;slide&quot;,&quot;show_arrows&quot;:&quot;yes&quot;,&quot;speed&quot;:500,&quot;autoplay&quot;:&quot;yes&quot;,&quot;autoplay_speed&quot;:5000,&quot;loop&quot;:&quot;yes&quot;,&quot;pause_on_hover&quot;:&quot;yes&quot;,&quot;pause_on_interaction&quot;:&quot;yes&quot;,&quot;space_between&quot;:{&quot;unit&quot;:&quot;px&quot;,&quot;size&quot;:10,&quot;sizes&quot;:[]},&quot;space_between_tablet&quot;:{&quot;unit&quot;:&quot;px&quot;,&quot;size&quot;:10,&quot;sizes&quot;:[]},&quot;space_between_mobile&quot;:{&quot;unit&quot;:&quot;px&quot;,&quot;size&quot;:10,&quot;sizes&quot;:[]}}\" data-widget_type=\"media-carousel.default\">\n\t\t\t\t<div class=\"elementor-widget-container\">\n\t\t\t\t\t\t\t\t\t<div class=\"elementor-swiper\">\n\t\t\t\t\t<div class=\"elementor-main-swiper swiper\" role=\"region\" aria-roledescription=\"carousel\" aria-label=\"Diapositives\">\n\t\t\t\t<div class=\"swiper-wrapper\">\n\t\t\t\t\t\t\t\t\t\t\t<div class=\"swiper-slide\" role=\"group\" aria-roledescription=\"slide\">\n\t\t\t\t\t\t\t\t\t<div class=\"elementor-carousel-image\" role=\"img\" aria-label=\"B\u00e0squet Girona vs For\u00e7a Lleida\" style=\"background-image: url(&#039;https:\/\/i0.wp.com\/egbasquet.blog\/wp-content\/uploads\/2023\/10\/flleida-054.jpg?fit=5000%2C3333&amp;ssl=1&#039;)\">\n\n\t\t\t\n\t\t\t\t\t<\/div>\n\t\t\t\t\t\t\t\t<\/div>\n\t\t\t\t\t\t\t\t\t\t\t<div class=\"swiper-slide\" role=\"group\" aria-roledescription=\"slide\">\n\t\t\t\t\t\t\t\t\t<div class=\"elementor-carousel-image\" role=\"img\" aria-label=\"MEDIA DAY MONITORS__DSC5627-Mejorado-NR\" style=\"background-image: url(&#039;https:\/\/i0.wp.com\/egbasquet.blog\/wp-content\/uploads\/2025\/08\/MEDIA-DAY-MONITORS__DSC5627-Mejorado-NR.jpg?fit=1667%2C2500&amp;ssl=1&#039;)\">\n\n\t\t\t\n\t\t\t\t\t<\/div>\n\t\t\t\t\t\t\t\t<\/div>\n\t\t\t\t\t\t\t\t\t\t\t<div class=\"swiper-slide\" role=\"group\" aria-roledescription=\"slide\">\n\t\t\t\t\t\t\t\t\t<div class=\"elementor-carousel-image\" role=\"img\" aria-label=\"Entrenament amb Rub\u00e9n Sarmiento\" style=\"background-image: url(&#039;https:\/\/i0.wp.com\/egbasquet.blog\/wp-content\/uploads\/2024\/07\/Entrenament-amb-Ruben-Sarmiento.jpeg?fit=4096%2C2730&amp;ssl=1&#039;)\">\n\n\t\t\t\n\t\t\t\t\t<\/div>\n\t\t\t\t\t\t\t\t<\/div>\n\t\t\t\t\t\t\t\t\t\t\t<div class=\"swiper-slide\" role=\"group\" aria-roledescription=\"slide\">\n\t\t\t\t\t\t\t\t\t<div class=\"elementor-carousel-image\" role=\"img\" aria-label=\"MIC CAMP 22\" style=\"background-image: url(&#039;https:\/\/i0.wp.com\/egbasquet.blog\/wp-content\/uploads\/2022\/12\/MICCAMP22_BASQUET_COMPETICIO_110722_AG_33.jpg?fit=2000%2C1333&amp;ssl=1&#039;)\">\n\n\t\t\t\n\t\t\t\t\t<\/div>\n\t\t\t\t\t\t\t\t<\/div>\n\t\t\t\t\t\t\t\t\t\t\t<div class=\"swiper-slide\" role=\"group\" aria-roledescription=\"slide\">\n\t\t\t\t\t\t\t\t\t<div class=\"elementor-carousel-image\" role=\"img\" aria-label=\"BGUniLP\" style=\"background-image: url(&#039;https:\/\/i0.wp.com\/egbasquet.blog\/wp-content\/uploads\/2024\/07\/BGUniLP.jpg?fit=6048%2C4024&amp;ssl=1&#039;)\">\n\n\t\t\t\n\t\t\t\t\t<\/div>\n\t\t\t\t\t\t\t\t<\/div>\n\t\t\t\t\t\t\t\t\t\t\t<div class=\"swiper-slide\" role=\"group\" aria-roledescription=\"slide\">\n\t\t\t\t\t\t\t\t\t<div class=\"elementor-carousel-image\" role=\"img\" aria-label=\"IMG_4056\" style=\"background-image: url(&#039;https:\/\/i0.wp.com\/egbasquet.blog\/wp-content\/uploads\/2025\/09\/IMG_4056.jpg?fit=2238%2C1667&amp;ssl=1&#039;)\">\n\n\t\t\t\n\t\t\t\t\t<\/div>\n\t\t\t\t\t\t\t\t<\/div>\n\t\t\t\t\t\t\t\t\t\t\t<div class=\"swiper-slide\" role=\"group\" aria-roledescription=\"slide\">\n\t\t\t\t\t\t\t\t\t<div class=\"elementor-carousel-image\" role=\"img\" aria-label=\"Berl\u00edn - Malte Delow\" style=\"background-image: url(&#039;https:\/\/i0.wp.com\/egbasquet.blog\/wp-content\/uploads\/2023\/03\/Berlin-Malte-Delow.jpg?fit=1080%2C855&amp;ssl=1&#039;)\">\n\n\t\t\t\n\t\t\t\t\t<\/div>\n\t\t\t\t\t\t\t\t<\/div>\n\t\t\t\t\t\t\t\t\t\t\t<div class=\"swiper-slide\" role=\"group\" aria-roledescription=\"slide\">\n\t\t\t\t\t\t\t\t\t<div class=\"elementor-carousel-image\" role=\"img\" aria-label=\"Igor Kokoskov\" style=\"background-image: url(&#039;https:\/\/i0.wp.com\/egbasquet.blog\/wp-content\/uploads\/2022\/10\/igorkokoskov-e1697990640340.jpg?fit=721%2C1228&amp;ssl=1&#039;)\">\n\n\t\t\t\n\t\t\t\t\t<\/div>\n\t\t\t\t\t\t\t\t<\/div>\n\t\t\t\t\t\t\t\t\t\t\t<div class=\"swiper-slide\" role=\"group\" aria-roledescription=\"slide\">\n\t\t\t\t\t\t\t\t\t<div class=\"elementor-carousel-image\" role=\"img\" aria-label=\"CBBanyoles\" style=\"background-image: url(&#039;https:\/\/i0.wp.com\/egbasquet.blog\/wp-content\/uploads\/2021\/11\/IMG_7183-e1637153754487.jpg?fit=1024%2C550&amp;ssl=1&#039;)\">\n\n\t\t\t\n\t\t\t\t\t<\/div>\n\t\t\t\t\t\t\t\t<\/div>\n\t\t\t\t\t\t\t\t\t\t\t<div class=\"swiper-slide\" role=\"group\" aria-roledescription=\"slide\">\n\t\t\t\t\t\t\t\t\t<div class=\"elementor-carousel-image\" role=\"img\" aria-label=\"A\u00edto Garc\u00eda Reneses\" style=\"background-image: url(&#039;https:\/\/i0.wp.com\/egbasquet.blog\/wp-content\/uploads\/2021\/04\/AitoGReneses.jpg?fit=1080%2C1074&amp;ssl=1&#039;)\">\n\n\t\t\t\n\t\t\t\t\t<\/div>\n\t\t\t\t\t\t\t\t<\/div>\n\t\t\t\t\t\t\t\t\t\t\t<div class=\"swiper-slide\" role=\"group\" aria-roledescription=\"slide\">\n\t\t\t\t\t\t\t\t\t<div class=\"elementor-carousel-image\" role=\"img\" aria-label=\"IMG_7218\" style=\"background-image: url(&#039;https:\/\/i0.wp.com\/egbasquet.blog\/wp-content\/uploads\/2020\/10\/IMG_7218.jpg?fit=1024%2C683&amp;ssl=1&#039;)\">\n\n\t\t\t\n\t\t\t\t\t<\/div>\n\t\t\t\t\t\t\t\t<\/div>\n\t\t\t\t\t\t\t\t\t\t\t<div class=\"swiper-slide\" role=\"group\" aria-roledescription=\"slide\">\n\t\t\t\t\t\t\t\t\t<div class=\"elementor-carousel-image\" role=\"img\" aria-label=\"Pau Ribas\" style=\"background-image: url(&#039;https:\/\/i0.wp.com\/egbasquet.blog\/wp-content\/uploads\/2022\/12\/pr2.jpg?fit=1800%2C1200&amp;ssl=1&#039;)\">\n\n\t\t\t\n\t\t\t\t\t<\/div>\n\t\t\t\t\t\t\t\t<\/div>\n\t\t\t\t\t\t\t\t\t\t\t<div class=\"swiper-slide\" role=\"group\" aria-roledescription=\"slide\">\n\t\t\t\t\t\t\t\t\t<div class=\"elementor-carousel-image\" role=\"img\" aria-label=\"Nike Camp\" style=\"background-image: url(&#039;https:\/\/i0.wp.com\/egbasquet.blog\/wp-content\/uploads\/2021\/04\/NCBCN-e1617272326601.png?fit=801%2C1011&amp;ssl=1&#039;)\">\n\n\t\t\t\n\t\t\t\t\t<\/div>\n\t\t\t\t\t\t\t\t<\/div>\n\t\t\t\t\t\t\t\t\t\t\t<div class=\"swiper-slide\" role=\"group\" aria-roledescription=\"slide\">\n\t\t\t\t\t\t\t\t\t<div class=\"elementor-carousel-image\" role=\"img\" aria-label=\"Pau Gasol Academy\" style=\"background-image: url(&#039;https:\/\/i0.wp.com\/egbasquet.blog\/wp-content\/uploads\/2021\/04\/NikeCamp.jpg?fit=1800%2C1200&amp;ssl=1&#039;)\">\n\n\t\t\t\n\t\t\t\t\t<\/div>\n\t\t\t\t\t\t\t\t<\/div>\n\t\t\t\t\t\t\t\t\t\t\t<div class=\"swiper-slide\" role=\"group\" aria-roledescription=\"slide\">\n\t\t\t\t\t\t\t\t\t<div class=\"elementor-carousel-image\" role=\"img\" aria-label=\"CBSN vinculat B\u00e0squet Girona\" style=\"background-image: url(&#039;https:\/\/i0.wp.com\/egbasquet.blog\/wp-content\/uploads\/2021\/04\/CBSN.jpg?fit=1000%2C668&amp;ssl=1&#039;)\">\n\n\t\t\t\n\t\t\t\t\t<\/div>\n\t\t\t\t\t\t\t\t<\/div>\n\t\t\t\t\t\t\t\t\t\t\t<div class=\"swiper-slide\" role=\"group\" aria-roledescription=\"slide\">\n\t\t\t\t\t\t\t\t\t<div class=\"elementor-carousel-image\" role=\"img\" aria-label=\"B\u00e0squet Girona\" style=\"background-image: url(&#039;https:\/\/i0.wp.com\/egbasquet.blog\/wp-content\/uploads\/2022\/06\/SGZ3372.jpg?fit=1600%2C1065&amp;ssl=1&#039;)\">\n\n\t\t\t\n\t\t\t\t\t<\/div>\n\t\t\t\t\t\t\t\t<\/div>\n\t\t\t\t\t\t\t\t\t\t\t<div class=\"swiper-slide\" role=\"group\" aria-roledescription=\"slide\">\n\t\t\t\t\t\t\t\t\t<div class=\"elementor-carousel-image\" role=\"img\" aria-label=\"CB Bescan\u00f3\" style=\"background-image: url(&#039;https:\/\/i0.wp.com\/egbasquet.blog\/wp-content\/uploads\/2022\/01\/WhatsApp-Image-2021-04-24-at-10.47.27-e1643036177898.jpeg?fit=1199%2C995&amp;ssl=1&#039;)\">\n\n\t\t\t\n\t\t\t\t\t<\/div>\n\t\t\t\t\t\t\t\t<\/div>\n\t\t\t\t\t\t\t\t\t\t\t<div class=\"swiper-slide\" role=\"group\" aria-roledescription=\"slide\">\n\t\t\t\t\t\t\t\t\t<div class=\"elementor-carousel-image\" role=\"img\" aria-label=\"Eric Vila\" style=\"background-image: url(&#039;https:\/\/i0.wp.com\/egbasquet.blog\/wp-content\/uploads\/2022\/12\/EricVila.jpg?fit=1080%2C719&amp;ssl=1&#039;)\">\n\n\t\t\t\n\t\t\t\t\t<\/div>\n\t\t\t\t\t\t\t\t<\/div>\n\t\t\t\t\t\t\t\t\t\t\t<div class=\"swiper-slide\" role=\"group\" aria-roledescription=\"slide\">\n\t\t\t\t\t\t\t\t\t<div class=\"elementor-carousel-image\" role=\"img\" aria-label=\"CB Banyoles\" style=\"background-image: url(&#039;https:\/\/i0.wp.com\/egbasquet.blog\/wp-content\/uploads\/2021\/04\/fotos-mobil-2019-036.jpeg?fit=1334%2C889&amp;ssl=1&#039;)\">\n\n\t\t\t\n\t\t\t\t\t<\/div>\n\t\t\t\t\t\t\t\t<\/div>\n\t\t\t\t\t\t\t\t\t<\/div>\n\t\t\t\t\t\t\t\t\t\t\t\t\t\t\t<div class=\"elementor-swiper-button elementor-swiper-button-prev\" role=\"button\" tabindex=\"0\" aria-label=\"Previous\">\n\t\t\t\t\t\t\t<i aria-hidden=\"true\" class=\"eicon-chevron-left\"><\/i>\t\t\t\t\t\t<\/div>\n\t\t\t\t\t\t<div class=\"elementor-swiper-button elementor-swiper-button-next\" role=\"button\" tabindex=\"0\" aria-label=\"Next\">\n\t\t\t\t\t\t\t<i aria-hidden=\"true\" class=\"eicon-chevron-right\"><\/i>\t\t\t\t\t\t<\/div>\n\t\t\t\t\t\t\t\t\t\t\t\t\t\t\t\t\t<\/div>\n\t\t\t\t<\/div>\n\t\t\t\t\t\t\t\t<\/div>\n\t\t\t\t<\/div>\n\t\t\t\t\t<\/div>\n\t\t<\/div>\n\t\t\t\t\t<\/div>\n\t\t<\/section>\n\t\t\t\t<section class=\"elementor-section elementor-top-section elementor-element elementor-element-5f95399 elementor-section-boxed elementor-section-height-default elementor-section-height-default\" data-id=\"5f95399\" data-element_type=\"section\" data-e-type=\"section\">\n\t\t\t\t\t\t<div class=\"elementor-container elementor-column-gap-default\">\n\t\t\t\t\t<div class=\"elementor-column elementor-col-100 elementor-top-column elementor-element elementor-element-b7f1001\" data-id=\"b7f1001\" data-element_type=\"column\" data-e-type=\"column\">\n\t\t\t<div class=\"elementor-widget-wrap elementor-element-populated\">\n\t\t\t\t\t\t<div class=\"elementor-element elementor-element-cc42a62 elementor-widget elementor-widget-text-editor\" data-id=\"cc42a62\" data-element_type=\"widget\" data-e-type=\"widget\" data-widget_type=\"text-editor.default\">\n\t\t\t\t<div class=\"elementor-widget-container\">\n\t\t\t\t\t\t\t\t\t<p><span style=\"font-variant-ligatures: normal; font-variant-caps: normal; font-family: 'Open Sans', serif; font-size: 15px; font-style: normal; font-weight: 400; text-align: justify; color: #000000;\"><strong style=\"font-size: 15px;\">Objectius:<br \/><\/strong>1) Continuar actualitzant els meus coneixements i adquirir nous aprenentatges.<\/span><br style=\"text-align: justify;\" \/><span style=\"font-variant-ligatures: normal; font-variant-caps: normal; font-family: 'Open Sans', serif; font-size: 15px; font-style: normal; font-weight: 400; text-align: justify; color: #000000;\">2) Compartir les meves idees basquetbol\u00edstiques.<\/span><br style=\"text-align: justify;\" \/><span style=\"font-variant-ligatures: normal; font-variant-caps: normal; font-family: 'Open Sans', serif; font-size: 15px; font-style: normal; font-weight: 400; text-align: justify; color: #000000;\">3) Digitalitzar i estructurar apunts d&#8217;entrenaments, tallers o cl\u00ednics de b\u00e0squet.<\/span><\/p><p><span style=\"color: #000000;\"><strong style=\"font-variant-ligatures: normal; font-variant-caps: normal; font-family: 'Open Sans', serif; font-size: 15px; font-style: normal; text-align: justify;\">Actualitzar\u00e9 entrades amb:<br \/><\/strong><span style=\"font-variant-ligatures: normal; font-variant-caps: normal;\"><img decoding=\"async\" class=\"emoji\" draggable=\"false\" src=\"https:\/\/s.w.org\/images\/core\/emoji\/12.0.0-1\/svg\/26f9-1f3fc-200d-2640-fe0f.svg\" alt=\"\u26f9\ud83c\udffc\u200d\u2640\ufe0f\" \/>\u00a0Exercicis<\/span><\/span><br \/><span style=\"color: #000000;\"><span style=\"font-variant-ligatures: normal; font-variant-caps: normal;\"><img decoding=\"async\" class=\"emoji\" draggable=\"false\" src=\"https:\/\/s.w.org\/images\/core\/emoji\/12.0.0-1\/svg\/1f3c0.svg\" alt=\"\ud83c\udfc0\" \/> Detalls<br \/><\/span><img decoding=\"async\" class=\"emoji\" style=\"font-size: 15px; background-color: #ffffff;\" draggable=\"false\" src=\"https:\/\/s.w.org\/images\/core\/emoji\/12.0.0-1\/svg\/1f4a1.svg\" alt=\"\ud83d\udca1\" \/><span style=\"font-size: 15px;\">\u00a0Idees<br \/><\/span><span style=\"font-size: 15px;\"><img decoding=\"async\" class=\"emoji\" draggable=\"false\" src=\"https:\/\/s.w.org\/images\/core\/emoji\/12.0.0-1\/svg\/1f5a5.svg\" alt=\"\ud83d\udda5\" \/>\u00a0Highlights<br \/><img decoding=\"async\" class=\"emoji\" role=\"img\" draggable=\"false\" src=\"https:\/\/s.w.org\/images\/core\/emoji\/13.0.1\/svg\/1f4dd.svg\" alt=\"\ud83d\udcdd\" \/>\u00a0T\u00e0ctica<br \/><img decoding=\"async\" class=\"emoji\" draggable=\"false\" src=\"https:\/\/s.w.org\/images\/core\/emoji\/12.0.0-1\/svg\/2699.svg\" alt=\"\u2699\ufe0f\" \/>\u00a0Ginys<br \/><\/span><\/span><span style=\"color: #000000;\">Per qualsevol aclariment o suggeriment podeu contactar a:<\/span> <strong><span style=\"color: #0000ff;\">egeladagispert@egbasquet.blog<\/span><\/strong><span style=\"color: #000000;\">.<\/span><\/p>\t\t\t\t\t\t\t\t<\/div>\n\t\t\t\t<\/div>\n\t\t\t\t\t<\/div>\n\t\t<\/div>\n\t\t\t\t\t<\/div>\n\t\t<\/section>\n\t\t\t\t<\/div>\n\t\t","protected":false},"excerpt":{"rendered":"<p>Qui soc?Edu Gelada Gispert. Educador social. Entrenador de b\u00e0squet.He entrenat a la base del&nbsp;Club B\u00e0squet Bescan\u00f3, en equips de categoria s\u00e8nior del&nbsp;Club B\u00e0squet Banyoles, coordinant i entrenant a&nbsp;B\u00e0squet Girona&nbsp;i en grups d&#8217;entrenament del&nbsp;Nike Camp&nbsp;d&#8217;Andorra, de&nbsp;la&nbsp;Pau Gasol Academy&nbsp;i del&nbsp;Mini Camp de Trif\u00f3n Poch. Objectius:1) Continuar actualitzant els meus coneixements i adquirir nous aprenentatges.2) Compartir les meves [&hellip;]<\/p>\n","protected":false},"author":149799749,"featured_media":815,"parent":0,"menu_order":0,"comment_status":"closed","ping_status":"closed","template":"","meta":{"_coblocks_attr":"","_coblocks_dimensions":"","_coblocks_responsive_height":"","_coblocks_accordion_ie_support":"","_crdt_document":"","footnotes":""},"class_list":["post-732","page","type-page","status-publish","has-post-thumbnail","hentry"],"jetpack_sharing_enabled":true,"jetpack_shortlink":"https:\/\/wp.me\/Paymva-bO","amp_enabled":true,"_links":{"self":[{"href":"https:\/\/egbasquet.blog\/index.php?rest_route=\/wp\/v2\/pages\/732","targetHints":{"allow":["GET"]}}],"collection":[{"href":"https:\/\/egbasquet.blog\/index.php?rest_route=\/wp\/v2\/pages"}],"about":[{"href":"https:\/\/egbasquet.blog\/index.php?rest_route=\/wp\/v2\/types\/page"}],"author":[{"embeddable":true,"href":"https:\/\/egbasquet.blog\/index.php?rest_route=\/wp\/v2\/users\/149799749"}],"replies":[{"embeddable":true,"href":"https:\/\/egbasquet.blog\/index.php?rest_route=%2Fwp%2Fv2%2Fcomments&post=732"}],"version-history":[{"count":100,"href":"https:\/\/egbasquet.blog\/index.php?rest_route=\/wp\/v2\/pages\/732\/revisions"}],"predecessor-version":[{"id":12603,"href":"https:\/\/egbasquet.blog\/index.php?rest_route=\/wp\/v2\/pages\/732\/revisions\/12603"}],"wp:featuredmedia":[{"embeddable":true,"href":"https:\/\/egbasquet.blog\/index.php?rest_route=\/wp\/v2\/media\/815"}],"wp:attachment":[{"href":"https:\/\/egbasquet.blog\/index.php?rest_route=%2Fwp%2Fv2%2Fmedia&parent=732"}],"curies":[{"name":"wp","href":"https:\/\/api.w.org\/{rel}","templated":true}]}}